{"id":5655438,"date":"2021-01-19T15:40:38","date_gmt":"2021-01-19T15:40:38","guid":{"rendered":"https:\/\/new.ingridvwr.be\/privacy-policy\/"},"modified":"2021-05-05T14:34:24","modified_gmt":"2021-05-05T14:34:24","slug":"privacy-policy-fr","status":"publish","type":"page","link":"https:\/\/new.ingridvwr.be\/fr\/privacy-policy-fr\/","title":{"rendered":"Privacy Policy"},"content":{"rendered":"[vc_row][vc_column][vc_empty_space height=\u00a0\u00bb100px\u00a0\u00bb][vc_empty_space height=\u00a0\u00bb100px\u00a0\u00bb][vc_column_text]\n<h3>Ce site web est g\u00e9r\u00e9 par Ingrid von Wantoch Rekowski<\/h3>\n<p><a href=\"mailto:info@ingridvwr.be\">info@ingridvwr.be<br \/>\n<\/a>+32 498 49 16 40<\/p>\n<p>En acc\u00e9dant \u00e0 ce site web et en l\u2019utilisant, vous marquez explicitement votre accord avec les conditions g\u00e9n\u00e9rales suivantes.<\/p>\n<h3><strong>D\u00e9claration de protection des donn\u00e9es et mentions l\u00e9gales relatives au site Internet<\/strong><\/h3>\n<p>&nbsp;<\/p>\n<h3><strong>Champ d\u2019application<\/strong><\/h3>\n<p>Cette d\u00e9claration de protection des donn\u00e9es et cet avis juridique s\u2019appliquent \u00e0 ce site Internet et \u00e0 ses domaines.<\/p>\n<p>Le site contient \u00e9galement des liens redirigeant vers des sites Internet d\u2019associations externes \u00e0 Ingrid von Wantoch Rekowski. Cette d\u00e9claration de protection des donn\u00e9es ne s&rsquo;y applique pas.<\/p>\n<h3>Norme g\u00e9n\u00e9rale de protection des donn\u00e9es<\/h3>\n<p>Lorsque vous consultez notre site Internet, des donn\u00e9es, de nature personnelle dans certains cas, peuvent \u00eatre r\u00e9colt\u00e9es. Dans la pr\u00e9sente d\u00e9claration, nous indiquons quelles informations personnelles Ingrid von Wantoch Rekowski collecte lors de vos visites sur notre site Internet, et la mani\u00e8re dont nous g\u00e9rons ces donn\u00e9es.<\/p>\n<p>Nous accordons une grande importance \u00e0 la protection de vos donn\u00e9es personnelles. Nous traitons vos donn\u00e9es personnelles collect\u00e9es lors de votre visite sur notre site Internet conform\u00e9ment aux obligations l\u00e9gales pertinentes. En outre, notre approche de la gestion des informations personnelles se base sur les principes de protection des donn\u00e9es propos\u00e9s par l&rsquo;UE dans le cadre de la mise en place du R\u00e8glement G\u00e9n\u00e9ral de Protection des Donn\u00e9es (RGPD). Ceux-ci fournissent un tr\u00e8s haut degr\u00e9 de transparence, de respect de la libert\u00e9 de choisir, de droits d&rsquo;acc\u00e8s, de transmission et de traitement l\u00e9gal des informations personnelles.<\/p>\n<h3><strong>Recueil, traitement et communication de donn\u00e9es \u00e0 caract\u00e8re personnel<\/strong><\/h3>\n<p>Ingrid von Wantoch Rekowski souhaite vous offrir autant de ma\u00eetrise que possible sur vos informations personnelles. Vous pouvez normalement acc\u00e9der \u00e0 notre site Internet sans fournir d\u2019informations personnelles.<\/p>\n<p>Pour acc\u00e9der \u00e0 certaines pages cependant, nous vous demandons de nous fournir des informations personnelles afin de nous aider \u00e0 am\u00e9liorer le site et de nous permettre de vous contacter. Toutes les informations personnelles que vous soumettez sont consid\u00e9r\u00e9es confidentielles et sont uniquement conserv\u00e9es et trait\u00e9es dans le cadre du rapport entre vous et Ingrid von Wantoch Rekowski. Elles ne seront pas mises \u00e0 la disposition de tiers de toute autre fa\u00e7on sans votre accord pr\u00e9alable.<\/p>\n<p>Cependant, dans le cadre de la prestation de nos services, vos informations peuvent \u00eatre transf\u00e9r\u00e9es dans certaines circonstances \u00e0 des tiers que nous impliquons dans le traitement, p. ex. pour l\u2019organisation d\u2019un concours ou l\u2019envoi d\u2019une newsletter. Concernant le transfert d\u2019informations personnelles \u00e0 ces tierces parties, nous nous limitons \u00e0 transf\u00e9rer les informations n\u00e9cessaires \u00e0 la fourniture du service concern\u00e9 et nous nous assurons que ce transfert est r\u00e9alis\u00e9 conform\u00e9ment \u00e0 la s\u00e9curit\u00e9 n\u00e9cessaire des donn\u00e9es. Ingrid von Wantoch Rekowski transmettra uniquement vos informations personnelles \u00e0 des tiers qui se sont engag\u00e9s \u00e0 prot\u00e9ger vos donn\u00e9es et \u00e0 les traiter en vertu des lois en vigueur.<\/p>\n<h3><strong>Informations sur la s\u00e9curit\u00e9 des donn\u00e9es<\/strong><\/h3>\n<p>Ingrid von Wantoch Rekowski est consciente de l&rsquo;importance qu&rsquo;ont le traitement confidentiel et la protection des informations que vous nous fournissez sur Internet. La s\u00e9curit\u00e9 des donn\u00e9es sur nos sites Internet est la premi\u00e8re de nos priorit\u00e9s. Nous nous sommes donc efforc\u00e9s de garantir l\u2019efficacit\u00e9 de nos mesures de s\u00e9curit\u00e9 en ligne.<\/p>\n<h3><strong>Analyse de fr\u00e9quentation des sites Internet<\/strong><\/h3>\n<p>Ingrid von Wantoch Rekowski utilise les statistiques et les programmes d&rsquo;\u00e9valuation mis au point par Google Analytics dans le but d&rsquo;\u00e9valuer de mani\u00e8re statistique l&rsquo;acc\u00e8s \u00e0 leur site Internet. Les donn\u00e9es sont rendues anonymes de sorte qu&rsquo;elles ne peuvent plus \u00eatre attribu\u00e9es \u00e0 une personne sp\u00e9cifique. Les informations enregistr\u00e9es sont utilis\u00e9es exclusivement pour compiler des rapports sur l\u2019utilisation du site Internet. Ces rapports nous aident \u00e0 analyser les offres de nos pages Internet et \u00e0 les am\u00e9liorer constamment.<\/p>\n<p>Google Analytics utilise des cookies pour analyser votre utilisation du site Internet. En r\u00e8gle g\u00e9n\u00e9rale, les informations concernant votre utilisation du site Internet obtenues par le cookie sont transmises \u00e0 un serveur Google aux \u00c9tats-Unis, o\u00f9 elles sont enregistr\u00e9es. Votre adresse IP sera cependant raccourcie par Google, si l\u2019anonymisation d\u2019IP est activ\u00e9e sur le site Internet. Ceci s\u2019applique dans les \u00e9tats membres de l\u2019UE ou dans d\u2019autres \u00e9tats signataires de l\u2019accord pr\u00e9c\u00e9dent de l\u2019Espace \u00e9conomique europ\u00e9en. L\u2019adresse IP compl\u00e8te ne sera transf\u00e9r\u00e9e au serveur Google aux \u00c9tats-Unis et raccourcie que dans des cas exceptionnels. Conform\u00e9ment au contrat \u00e9tabli avec l\u2019op\u00e9rateur de ce site Internet, Google utilisera ces informations pour \u00e9valuer votre utilisation du site Internet, pour compiler des rapports sur les activit\u00e9s du site Internet et pour fournir \u00e0 l\u2019op\u00e9rateur du site Internet d\u2019autres services li\u00e9s \u00e0 l\u2019utilisation du site Internet et d\u2019Internet. Google ne fusionnera pas avec d\u2019autres donn\u00e9es l\u2019adresse IP transmise par votre navigateur dans le cadre de Google Analytics. Vous pouvez emp\u00eacher l\u2019enregistrement des cookies en param\u00e9trant votre navigateur de mani\u00e8re appropri\u00e9e. Cependant, si vous choisissez cette option, sachez que vous ne pourrez pas utiliser toutes les fonctions de ce site Internet. De plus, vous pouvez emp\u00eacher l\u2019enregistrement et le traitement par Google des donn\u00e9es g\u00e9n\u00e9r\u00e9es par les cookies relativement \u00e0 votre utilisation du site Internet (y compris votre adresse IP) en t\u00e9l\u00e9chargeant et en installant le plug-in pour navigateur via le lien suivant\u00a0<a href=\"https:\/\/tools.google.com\/dlpage\/gaoptout\">https:\/\/tools.google.com\/dlpage\/gaoptout<\/a><\/p>\n<h3>Mentions l\u00e9gales<\/h3>\n<p>Si un logiciel est t\u00e9l\u00e9chargeable gratuitement, Ingrid von Wantoch Rekowski n&rsquo;assume aucune responsabilit\u00e9 quant aux dommages r\u00e9sultant du t\u00e9l\u00e9chargement et de l&rsquo;utilisation de ce logiciel. Le t\u00e9l\u00e9chargement et l\u2019utilisation des logiciels se font aux propres risques de l\u2019utilisateur et sans garantie d\u2019aucune sorte, sauf en cas de faute intentionnelle ou de n\u00e9gligence grave de la part de Ingrid von Wantoch Rekowski.<\/p>\n<p>Dans certaines rubriques de nos sites Internet, nous fournissons \u00e9galement des informations sur des sites Internet de tierces parties ainsi que des liens vers ceux-ci. Nous ne proposons ces informations et ces liens que si nous sommes enti\u00e8rement convaincus du s\u00e9rieux du fournisseur concern\u00e9. Cependant, Ingrid von Wantoch Rekowski n\u2019est pas responsable des stipulations relatives \u00e0 la protection des donn\u00e9es ni des contenus de ces sites Internet, et n\u2019acceptent aucune responsabilit\u00e9 \u00e0 cet \u00e9gard.<\/p>\n<p>Ingrid von Wantoch Rekowski est titulaire de l\u2019ensemble des droits relatifs au contenu et \u00e0 la mise en page de son sites Internet. La propri\u00e9t\u00e9 intellectuelle contenue dans nos sites Internet est prot\u00e9g\u00e9e, ainsi que nos marques. Le texte, les images et les graphiques de nos sites Internet et leur mise en page, etc., ainsi que les animations et les logiciels sont soumis \u00e0 la l\u00e9gislation prot\u00e9geant le droit d\u2019auteur et \u00e0 d\u2019autres dispositions l\u00e9gales de protection. Toute reproduction, toute interpr\u00e9tation ou toute restitution de tout ou d&rsquo;une partie de ceux-ci n\u2019est pas autoris\u00e9e, sauf permission \u00e9crite pr\u00e9alable de notre part. Ce site Internet n&rsquo;accorde aucune licence permettant l&rsquo;exploitation de la propri\u00e9t\u00e9 intellectuelle.<\/p>\n<p>Bien que le contenu de notre site Internet ait \u00e9t\u00e9 \u00e9labor\u00e9 avec soin, nous n&rsquo;assumons aucune responsabilit\u00e9 concernant son exactitude, sa rectitude, son exhaustivit\u00e9 ou son acc\u00e8s ininterrompu. Dans la mesure permise par la loi, nous n\u2019acceptons aucune responsabilit\u00e9 pour les dommages directs ou indirects. Nous nous r\u00e9servons le droit de modifier ou de compl\u00e9ter les informations fournies \u00e0 tout moment.<\/p>\n<p>Nous utilisons des cookies sur ce site Internet. Les cookies sont de petits fichiers textes enregistr\u00e9s sur votre ordinateur par des sites Internet. Les cookies sont largement r\u00e9pandus et permettent d&rsquo;optimiser la pr\u00e9sentation des pages Web et de les am\u00e9liorer. En continuant \u00e0 naviguer sur ce site, vous d\u00e9clarez accepter les cookies.<\/p>\n[\/vc_column_text][vc_empty_space height=\u00a0\u00bb100px\u00a0\u00bb][\/vc_column][\/vc_row]\n","protected":false},"excerpt":{"rendered":"<p>[vc_row][vc_column][vc_empty_space height=\u00a0\u00bb100px\u00a0\u00bb][vc_empty_space height=\u00a0\u00bb100px\u00a0\u00bb][vc_column_text] Ce site web est g\u00e9r\u00e9 par Ingrid von Wantoch Rekowski info@ingridvwr.be&#8230;<\/p>\n","protected":false},"author":1,"featured_media":0,"parent":0,"menu_order":0,"comment_status":"closed","ping_status":"open","template":"","meta":[],"_links":{"self":[{"href":"https:\/\/new.ingridvwr.be\/fr\/wp-json\/wp\/v2\/pages\/5655438"}],"collection":[{"href":"https:\/\/new.ingridvwr.be\/fr\/wp-json\/wp\/v2\/pages"}],"about":[{"href":"https:\/\/new.ingridvwr.be\/fr\/wp-json\/wp\/v2\/types\/page"}],"author":[{"embeddable":true,"href":"https:\/\/new.ingridvwr.be\/fr\/wp-json\/wp\/v2\/users\/1"}],"replies":[{"embeddable":true,"href":"https:\/\/new.ingridvwr.be\/fr\/wp-json\/wp\/v2\/comments?post=5655438"}],"version-history":[{"count":6,"href":"https:\/\/new.ingridvwr.be\/fr\/wp-json\/wp\/v2\/pages\/5655438\/revisions"}],"predecessor-version":[{"id":5655441,"href":"https:\/\/new.ingridvwr.be\/fr\/wp-json\/wp\/v2\/pages\/5655438\/revisions\/5655441"}],"wp:attachment":[{"href":"https:\/\/new.ingridvwr.be\/fr\/wp-json\/wp\/v2\/media?parent=5655438"}],"curies":[{"name":"wp","href":"https:\/\/api.w.org\/{rel}","templated":true}]}}