{"id":5655327,"date":"2021-05-02T18:55:50","date_gmt":"2021-05-02T18:55:50","guid":{"rendered":"https:\/\/new.ingridvwr.be\/lucilia-caesar\/"},"modified":"2021-05-18T13:43:09","modified_gmt":"2021-05-18T13:43:09","slug":"lucilia-caesar-fr","status":"publish","type":"page","link":"https:\/\/new.ingridvwr.be\/fr\/lucilia-caesar-fr\/","title":{"rendered":"Lucilia Caesar"},"content":{"rendered":"[vc_row][vc_column][vc_empty_space height=\u00a0\u00bb50px\u00a0\u00bb][vc_empty_space height=\u00a0\u00bb50px\u00a0\u00bb][\/vc_column][\/vc_row][vc_row el_id=\u00a0\u00bbluciliacaesar\u00a0\u00bb][vc_column width=\u00a0\u00bb1\/2&Prime;][vc_empty_space height=\u00a0\u00bb50px\u00a0\u00bb el_class=\u00a0\u00bbnorebro-phone-space\u00a0\u00bb]<div class=\"norebro-heading-sc heading text-left\"\n\tid=\"norebro-custom-69e73ceea5b84\" \n\t \n\t data-aos-duration=\"600\">\n\t\n\t\n\t\n\t<h3 class=\"title\">\n\t\tLucilia Caesar\t<\/h3>\n\n\t\n\t\t\n<\/div><div class=\"norebro-heading-sc heading text-left\"\n\tid=\"norebro-custom-69e73ceea5cb2\" \n\t \n\t data-aos-duration=\"600\">\n\t\n\t\n\t\n\t<h3 class=\"title\">\n\t\tPerforming Arts Laboratory\t<\/h3>\n\n\t\n\t\t\n<\/div>[vc_empty_space height=\u00a0\u00bb15px\u00a0\u00bb]<div class=\"norebro-heading-sc heading text-left\"\n\tid=\"norebro-custom-69e73ceea5ce7\" \n\t \n\t data-aos-duration=\"600\">\n\t\n\t\n\t\n\t<h3 class=\"title\">\n\t\tTh\u00e9\u00e2tre pour les oreilles \u2013 musique pour les yeux\t<\/h3>\n\n\t\n\t\t\n<\/div>[vc_empty_space height=\u00a0\u00bb15px\u00a0\u00bb][vc_row_inner css=\u00a0\u00bb.vc_custom_1619972855985{background-image: url(https:\/\/new.ingridvwr.be\/wp-content\/uploads\/2021\/04\/bggd_is.gif?id=5655171) !important;background-position: center !important;background-repeat: no-repeat !important;background-size: cover !important;}\u00a0\u00bb][vc_column_inner offset=\u00a0\u00bbvc_hidden-lg vc_hidden-md vc_hidden-sm\u00a0\u00bb][vc_empty_space height=\u00a0\u00bb100px\u00a0\u00bb el_class=\u00a0\u00bbnorebro-phone-space\u00a0\u00bb][vc_single_image image=\u00a0\u00bb5655225&Prime; img_size=\u00a0\u00bbfull\u00a0\u00bb][vc_empty_space height=\u00a0\u00bb100px\u00a0\u00bb el_class=\u00a0\u00bbnorebro-phone-space\u00a0\u00bb][\/vc_column_inner][\/vc_row_inner][vc_empty_space height=\u00a0\u00bb15px\u00a0\u00bb][vc_column_text]<em>Lucilia Caesar<\/em>\u00a0cr\u00e9e des objets sc\u00e9niques r\u00e9solument atypiques\u00a0: th\u00e9\u00e2tre musical,\u00a0tableaux vivants, performances\u2026 Fond\u00e9e par Ingrid von Wantoch Rekowski en 1994, la compagnie collabore \u00e9troitement avec des artistes de toutes disciplines, \u00e9laborant avec eux ses cr\u00e9ations. Saisir l\u2019\u00eatre humain dans ses paradoxes et d\u00e9bordements marque l\u2019enjeu de sa pratique\u00a0: la tension entre sublime et grotesque, \u00e9motion et trivialit\u00e9, envol et chute\u2026 A la crois\u00e9e des genres et des codes, et non sans humour,\u00a0ses spectacles proposent un<\/p>\n<p>th\u00e9\u00e2tre volontiers baroque, hautement singulier, voire iconoclaste\u00a0\u2013 et o\u00f9 il s\u2019agit bien souvent de donne corps \u00e0 la musique. Bas\u00e9e a\u0300 Bruxelles,\u00a0<em>Lucilia Caesar<\/em>\u00a0connait un rayonnement national et international important. D\u00e8s ses d\u00e9buts, son travail s\u2019est impos\u00e9 avec la collaboration de partenaires divers et notoires (op\u00e9ras, festivals, th\u00e9\u00e2tres, mus\u00e9es\u2026)[\/vc_column_text][vc_empty_space height=\u00a0\u00bb25px\u00a0\u00bb][vc_row_inner css=\u00a0\u00bb.vc_custom_1619973393172{background-image: url(https:\/\/new.ingridvwr.be\/wp-content\/uploads\/2021\/03\/Is-This-the-End-Part-I-Dead-little-Girl-Jan-Vandenbussche-15.jpg?id=5652637) !important;background-position: center !important;background-repeat: no-repeat !important;background-size: cover !important;}\u00a0\u00bb][vc_column_inner offset=\u00a0\u00bbvc_hidden-lg vc_hidden-md vc_hidden-sm\u00a0\u00bb][vc_single_image image=\u00a0\u00bb5653357&Prime; img_size=\u00a0\u00bbfull\u00a0\u00bb][\/vc_column_inner][\/vc_row_inner][vc_empty_space height=\u00a0\u00bb25px\u00a0\u00bb]<div class=\"norebro-heading-sc heading text-left\"\n\tid=\"norebro-custom-69e73ceea5d0b\" \n\t \n\t data-aos-duration=\"600\">\n\t\n\t\n\t\n\t<h3 class=\"title\">\n\t\tTeam\t<\/h3>\n\n\t\n\t\t\n<\/div>[vc_row_inner][vc_column_inner offset=\u00a0\u00bbvc_hidden-xs\u00a0\u00bb][vc_column_text]Directrice artistique : <strong>Ingrid von Wantoch Rekowski<\/strong><br \/>\nAssistant &amp; collaboration artistique : <strong>Manolo Sellati<\/strong><\/p>\n<p>Administration\u00a0: <strong>Pauline Bernard &amp; Christine Cloarec<\/strong> (Quai 41)<br \/>\nCommunication\u00a0: <strong>Sarah-Claire Vermeulen<\/strong> <strong>(Serenai)<\/strong><br \/>\nConseil d\u2019administration : <strong>France de Kinder, Bernard Coutant, Pietro Pizzuti, Annette Sachs, Marc Segers, Virginie Demilier<\/strong>[\/vc_column_text][\/vc_column_inner][\/vc_row_inner][vc_row_inner][vc_column_inner offset=\u00a0\u00bbvc_hidden-lg vc_hidden-md vc_hidden-sm\u00a0\u00bb][vc_column_text]Directrice artistique :<br \/>\n<strong>Ingrid von Wantoch Rekowski<\/strong><br \/>\nAssistant &amp; collaboration artistique :<br \/>\n<strong>Manolo Sellati<\/strong><\/p>\n<p>Administration\u00a0:<br \/>\n<strong>Pauline Bernard &amp; Christine Cloarec<\/strong> (Quai 41)<br \/>\nCommunication\u00a0:<br \/>\n<strong>Sarah-Claire Vermeulen<\/strong> <strong>(Serenai)<\/strong><br \/>\nConseil d\u2019administration :<br \/>\n<strong>France de Kinder, Bernard Coutant, Pietro Pizzuti, Annette Sachs, Marc Segers, Virginie Demilier<\/strong>[\/vc_column_text][\/vc_column_inner][\/vc_row_inner][vc_empty_space height=\u00a0\u00bb50px\u00a0\u00bb][vc_row_inner][vc_column_inner width=\u00a0\u00bb1\/2&Prime;][vc_single_image image=\u00a0\u00bb5654484&Prime; img_size=\u00a0\u00bbfull\u00a0\u00bb][\/vc_column_inner][vc_column_inner width=\u00a0\u00bb1\/2&Prime;][\/vc_column_inner][\/vc_row_inner][vc_empty_space height=\u00a0\u00bb50px\u00a0\u00bb][\/vc_column][vc_column width=\u00a0\u00bb1\/2&Prime; css=\u00a0\u00bb.vc_custom_1620051635111{margin-left: 40px !important;}\u00a0\u00bb offset=\u00a0\u00bbvc_hidden-xs\u00a0\u00bb][vc_empty_space height=\u00a0\u00bb60px\u00a0\u00bb el_class=\u00a0\u00bbnorebro-phone-space\u00a0\u00bb][vc_row_inner css=\u00a0\u00bb.vc_custom_1621345386676{background-image: url(https:\/\/new.ingridvwr.be\/wp-content\/uploads\/2021\/05\/BGSd-2.jpg?id=5655542) !important;background-position: center !important;background-repeat: no-repeat !important;background-size: cover !important;}\u00a0\u00bb][vc_column_inner width=\u00a0\u00bb1\/6&Prime;][\/vc_column_inner][vc_column_inner width=\u00a0\u00bb4\/6&Prime;][vc_empty_space height=\u00a0\u00bb100px\u00a0\u00bb el_class=\u00a0\u00bbnorebro-phone-space\u00a0\u00bb][vc_single_image image=\u00a0\u00bb5655225&Prime; img_size=\u00a0\u00bbfull\u00a0\u00bb][vc_empty_space height=\u00a0\u00bb100px\u00a0\u00bb el_class=\u00a0\u00bbnorebro-phone-space\u00a0\u00bb][\/vc_column_inner][vc_column_inner width=\u00a0\u00bb1\/6&Prime;][\/vc_column_inner][\/vc_row_inner][vc_empty_space height=\u00a0\u00bb20px\u00a0\u00bb el_class=\u00a0\u00bbnorebro-phone-space\u00a0\u00bb][vc_row_inner css=\u00a0\u00bb.vc_custom_1619973393172{background-image: url(https:\/\/new.ingridvwr.be\/wp-content\/uploads\/2021\/03\/Is-This-the-End-Part-I-Dead-little-Girl-Jan-Vandenbussche-15.jpg?id=5652637) !important;background-position: center !important;background-repeat: no-repeat !important;background-size: cover !important;}\u00a0\u00bb][vc_column_inner width=\u00a0\u00bb1\/6&Prime;][\/vc_column_inner][vc_column_inner width=\u00a0\u00bb4\/6&Prime;][vc_empty_space height=\u00a0\u00bb650px\u00a0\u00bb el_class=\u00a0\u00bbnorebro-phone-space\u00a0\u00bb][\/vc_column_inner][vc_column_inner width=\u00a0\u00bb1\/6&Prime;][\/vc_column_inner][\/vc_row_inner][\/vc_column][\/vc_row][vc_row][vc_column][vc_empty_space height=\u00a0\u00bb50px\u00a0\u00bb][\/vc_column][\/vc_row]\n","protected":false},"excerpt":{"rendered":"<p>[vc_row][vc_column][vc_empty_space height=\u00a0\u00bb50px\u00a0\u00bb][vc_empty_space height=\u00a0\u00bb50px\u00a0\u00bb][\/vc_column][\/vc_row][vc_row el_id=\u00a0\u00bbluciliacaesar\u00a0\u00bb][vc_column width=\u00a0\u00bb1\/2&Prime;][vc_empty_space height=\u00a0\u00bb50px\u00a0\u00bb el_class=\u00a0\u00bbnorebro-phone-space\u00a0\u00bb][vc_empty_space height=\u00a0\u00bb15px\u00a0\u00bb][vc_empty_space height=\u00a0\u00bb15px\u00a0\u00bb][vc_row_inner css=\u00a0\u00bb.vc_custom_1619972855985{background-image: url(https:\/\/new.ingridvwr.be\/wp-content\/uploads\/2021\/04\/bggd_is.gif?id=5655171) !important;background-position: center !important;background-repeat:&#8230;<\/p>\n","protected":false},"author":3,"featured_media":0,"parent":0,"menu_order":0,"comment_status":"closed","ping_status":"closed","template":"","meta":[],"_links":{"self":[{"href":"https:\/\/new.ingridvwr.be\/fr\/wp-json\/wp\/v2\/pages\/5655327"}],"collection":[{"href":"https:\/\/new.ingridvwr.be\/fr\/wp-json\/wp\/v2\/pages"}],"about":[{"href":"https:\/\/new.ingridvwr.be\/fr\/wp-json\/wp\/v2\/types\/page"}],"author":[{"embeddable":true,"href":"https:\/\/new.ingridvwr.be\/fr\/wp-json\/wp\/v2\/users\/3"}],"replies":[{"embeddable":true,"href":"https:\/\/new.ingridvwr.be\/fr\/wp-json\/wp\/v2\/comments?post=5655327"}],"version-history":[{"count":10,"href":"https:\/\/new.ingridvwr.be\/fr\/wp-json\/wp\/v2\/pages\/5655327\/revisions"}],"predecessor-version":[{"id":5655545,"href":"https:\/\/new.ingridvwr.be\/fr\/wp-json\/wp\/v2\/pages\/5655327\/revisions\/5655545"}],"wp:attachment":[{"href":"https:\/\/new.ingridvwr.be\/fr\/wp-json\/wp\/v2\/media?parent=5655327"}],"curies":[{"name":"wp","href":"https:\/\/api.w.org\/{rel}","templated":true}]}}